{"id":2,"date":"2023-02-10T08:59:37","date_gmt":"2023-02-10T08:59:37","guid":{"rendered":"https:\/\/mojetrawy.pl\/?page_id=2"},"modified":"2023-02-28T18:12:34","modified_gmt":"2023-02-28T18:12:34","slug":"sample-page","status":"publish","type":"page","link":"https:\/\/mojetrawy.pl\/?page_id=2","title":{"rendered":"Szk\u00f3\u0142ka"},"content":{"rendered":"\n<div class=\"wp-block-group is-layout-constrained wp-container-core-group-is-layout-c75a17d1 wp-block-group-is-layout-constrained\" style=\"padding-top:100px;padding-bottom:100px;padding-left:20px\">\n<div class=\"wp-block-columns is-layout-flex wp-container-core-columns-is-layout-28f84493 wp-block-columns-is-layout-flex\">\n<div class=\"wp-block-column is-layout-flow wp-block-column-is-layout-flow\">\n<div class=\"wp-block-group is-layout-constrained wp-block-group-is-layout-constrained\">\n<div class=\"wp-block-columns is-layout-flex wp-container-core-columns-is-layout-28f84493 wp-block-columns-is-layout-flex\">\n<div class=\"wp-block-column is-layout-flow wp-block-column-is-layout-flow\">\n<h2 class=\"photology-animate photology-move-right photology-delay-1 has-photology-primary-color has-text-color has-heading-2-font-size wp-block-heading\" style=\"font-style:normal;font-weight:400\">Moje Trawy<\/h2>\n\n\n\n<p class=\"has-text-align-left photology-animate photology-move-right photology-delay-3 has-photology-text-color has-text-color has-tiny-font-size\" style=\"font-style:normal;font-weight:300\">M\u00f3j dom tonie w zieleni stworzonego przeze mnie ogrodu&#8230;<\/p>\n<\/div>\n\n\n\n<div class=\"wp-block-column is-layout-flow wp-block-column-is-layout-flow\"><\/div>\n<\/div>\n<\/div>\n\n\n\n<p>Do\u015bwiadczenie zdobyte na w\u0142asnym gruncie stworzonego niejednego ogrodu, trudnych warunk\u00f3w glebowych  pozwoli\u0142y mi stworzy\u0107 w\u0142asn\u0105 szk\u00f3\u0142k\u0119 traw ozdobnych. Hodowane przeze mnie trawy s\u0105 zdrowe oraz silne, do ich uprawy stosuj\u0119 jedynie s\u0142o\u0144ce, ziemi\u0119 oraz wiatr. Nie stosuj\u0119 azotu, rozmna\u017cam jedynie zdrowe, silne ro\u015bliny.<\/p>\n\n\n\n<p>Trawy uprawiane w mojej szk\u00f3\u0142ce s\u0105 pozyskiwane z materia\u0142 ze zdrowych ro\u015blin macierzystych, zahartowanych w surowych warunkach pog\u00f3rza wielickiego, na kt\u00f3rych rosn\u0105.  Serdecznie zapraszam do odwiedzenia mojej szk\u00f3\u0142ki. Szk\u00f3\u0142ka traw ozdobnych oferuje szeroki wyb\u00f3r gatunk\u00f3w, kt\u00f3re nadaj\u0105 si\u0119 do ogrod\u00f3w, park\u00f3w czy zieleni miejskiej. Trawy dekoracyjne s\u0105 pi\u0119kne, \u0142atwe w piel\u0119gnacji i dodaj\u0105 elegancji ka\u017cdemu krajobrazowi. <\/p>\n\n\n\n<div class=\"wp-block-group is-layout-flow wp-block-group-is-layout-flow\" style=\"padding-top:30px\">\n<div class=\"wp-block-columns is-layout-flex wp-container-core-columns-is-layout-28f84493 wp-block-columns-is-layout-flex\">\n<div class=\"wp-block-column photology-animate photology-move-up photology-delay-1 is-layout-flow wp-block-column-is-layout-flow\">\n<figure class=\"wp-block-image size-large\"><img decoding=\"async\" width=\"1024\" height=\"683\" src=\"https:\/\/mojetrawy.pl\/wp-content\/uploads\/2023\/02\/foxtail-g1749f08c9_1920-1024x683.jpg\" alt=\"\" class=\"wp-image-7\" srcset=\"https:\/\/mojetrawy.pl\/wp-content\/uploads\/2023\/02\/foxtail-g1749f08c9_1920-1024x683.jpg 1024w, https:\/\/mojetrawy.pl\/wp-content\/uploads\/2023\/02\/foxtail-g1749f08c9_1920-600x400.jpg 600w, https:\/\/mojetrawy.pl\/wp-content\/uploads\/2023\/02\/foxtail-g1749f08c9_1920-300x200.jpg 300w, https:\/\/mojetrawy.pl\/wp-content\/uploads\/2023\/02\/foxtail-g1749f08c9_1920-768x512.jpg 768w, https:\/\/mojetrawy.pl\/wp-content\/uploads\/2023\/02\/foxtail-g1749f08c9_1920-1536x1024.jpg 1536w, https:\/\/mojetrawy.pl\/wp-content\/uploads\/2023\/02\/foxtail-g1749f08c9_1920.jpg 1920w\" sizes=\"(max-width: 1024px) 100vw, 1024px\" \/><\/figure>\n\n\n\n<h2 class=\"has-photology-primary-color has-text-color has-heading-4-font-size wp-block-heading\" style=\"margin-top:30px;font-style:normal;font-weight:400;letter-spacing:0px\">Rozplenice<\/h2>\n\n\n\n<p class=\"has-photology-text-color has-text-color\" style=\"font-style:normal;font-weight:300\"><em><strong>Pennisetum alopecuroides<\/strong><\/em><\/p>\n\n\n\n<p>chi\u0144ski pennisetum, chi\u0144ska trawa fontannowa, trawa kar\u0142owata, trawa fontannowa lub wyczyniec bagienny, to gatunek wieloletniej trawy pochodz\u0105cej z Azji i Australii.<\/p>\n<\/div>\n\n\n\n<div class=\"wp-block-column photology-animate photology-move-up photology-delay-3 is-layout-flow wp-block-column-is-layout-flow\">\n<figure class=\"wp-block-image size-large\"><img decoding=\"async\" width=\"1024\" height=\"682\" src=\"https:\/\/mojetrawy.pl\/wp-content\/uploads\/2023\/02\/drop-of-water-g651ed9802_1280-6-1024x682.jpg\" alt=\"\" class=\"wp-image-57\" srcset=\"https:\/\/mojetrawy.pl\/wp-content\/uploads\/2023\/02\/drop-of-water-g651ed9802_1280-6-1024x682.jpg 1024w, https:\/\/mojetrawy.pl\/wp-content\/uploads\/2023\/02\/drop-of-water-g651ed9802_1280-6-600x400.jpg 600w, https:\/\/mojetrawy.pl\/wp-content\/uploads\/2023\/02\/drop-of-water-g651ed9802_1280-6-300x200.jpg 300w, https:\/\/mojetrawy.pl\/wp-content\/uploads\/2023\/02\/drop-of-water-g651ed9802_1280-6-768x512.jpg 768w, https:\/\/mojetrawy.pl\/wp-content\/uploads\/2023\/02\/drop-of-water-g651ed9802_1280-6.jpg 1280w\" sizes=\"(max-width: 1024px) 100vw, 1024px\" \/><\/figure>\n\n\n\n<h2 class=\"has-photology-primary-color has-text-color has-heading-4-font-size wp-block-heading\" style=\"margin-top:30px;font-style:normal;font-weight:400;letter-spacing:0px\">Miskanty<\/h2>\n\n\n\n<p class=\"has-photology-text-color has-text-color\" style=\"font-style:normal;font-weight:300\">rodzaj ro\u015blin z rodziny wiechlinowatych. Nale\u017cy do niego w zale\u017cno\u015bci od uj\u0119cia systematycznego od 14 do 20 gatunk\u00f3w wieloletnich traw. Centrum zr\u00f3\u017cnicowania tego rodzaju znajduje si\u0119 w po\u0142udniowo-wschodniej Azji i na wyspach Pacyfiku.<\/p>\n<\/div>\n\n\n\n<div class=\"wp-block-column photology-animate photology-move-up photology-delay-5 is-layout-flow wp-block-column-is-layout-flow\">\n<figure class=\"wp-block-image size-large\"><img decoding=\"async\" width=\"1024\" height=\"683\" src=\"https:\/\/mojetrawy.pl\/wp-content\/uploads\/2023\/02\/drop-of-water-g6b2f61248_1920-2-1024x683.jpg\" alt=\"\" class=\"wp-image-32\" srcset=\"https:\/\/mojetrawy.pl\/wp-content\/uploads\/2023\/02\/drop-of-water-g6b2f61248_1920-2-1024x683.jpg 1024w, https:\/\/mojetrawy.pl\/wp-content\/uploads\/2023\/02\/drop-of-water-g6b2f61248_1920-2-600x400.jpg 600w, https:\/\/mojetrawy.pl\/wp-content\/uploads\/2023\/02\/drop-of-water-g6b2f61248_1920-2-300x200.jpg 300w, https:\/\/mojetrawy.pl\/wp-content\/uploads\/2023\/02\/drop-of-water-g6b2f61248_1920-2-768x512.jpg 768w, https:\/\/mojetrawy.pl\/wp-content\/uploads\/2023\/02\/drop-of-water-g6b2f61248_1920-2-1536x1024.jpg 1536w, https:\/\/mojetrawy.pl\/wp-content\/uploads\/2023\/02\/drop-of-water-g6b2f61248_1920-2.jpg 1920w\" sizes=\"(max-width: 1024px) 100vw, 1024px\" \/><\/figure>\n\n\n\n<h2 class=\"has-photology-primary-color has-text-color has-heading-4-font-size wp-block-heading\" style=\"margin-top:30px;font-style:normal;font-weight:400;letter-spacing:0px\">Pozosta\u0142e ro\u015bliny<\/h2>\n\n\n\n<p class=\"has-photology-text-color has-text-color\" style=\"font-style:normal;font-weight:300\"><\/p>\n<\/div>\n<\/div>\n<\/div>\n\n\n\n<div class=\"wp-block-buttons photology-animate photology-move-right photology-delay-5 is-content-justification-left is-layout-flex wp-container-core-buttons-is-layout-de9051a5 wp-block-buttons-is-layout-flex\" style=\"margin-top:40px\">\n<div class=\"wp-block-button is-style-custombuttonfill2\"><a class=\"wp-block-button__link wp-element-button\" href=\"https:\/\/mojetrawy.pl\/?page_id=131(otworzy si\u0119 w nowej karcie)\" style=\"padding-top:15px;padding-right:40px;padding-bottom:15px;padding-left:40px\">OFERTA<\/a><\/div>\n<\/div>\n<\/div>\n<\/div>\n<\/div>\n","protected":false},"excerpt":{"rendered":"<p>Moje Trawy M\u00f3j dom tonie w zieleni stworzonego przeze mnie ogrodu&#8230; Do\u015bwiadczenie zdobyte na w\u0142asnym gruncie stworzonego niejednego ogrodu, trudnych warunk\u00f3w glebowych pozwoli\u0142y mi stworzy\u0107 w\u0142asn\u0105 szk\u00f3\u0142k\u0119 traw ozdobnych. Hodowane przeze mnie trawy s\u0105 zdrowe oraz silne, do ich uprawy stosuj\u0119 jedynie s\u0142o\u0144ce, ziemi\u0119 oraz wiatr. Nie stosuj\u0119 azotu, rozmna\u017cam jedynie zdrowe, silne ro\u015bliny. Trawy [&hellip;]<\/p>\n","protected":false},"author":1,"featured_media":0,"parent":0,"menu_order":0,"comment_status":"closed","ping_status":"closed","template":"","meta":{"_monsterinsights_skip_tracking":false,"_monsterinsights_sitenote_active":false,"_monsterinsights_sitenote_note":"","_monsterinsights_sitenote_category":0,"footnotes":""},"class_list":["post-2","page","type-page","status-publish","hentry"],"_links":{"self":[{"href":"https:\/\/mojetrawy.pl\/index.php?rest_route=\/wp\/v2\/pages\/2","targetHints":{"allow":["GET"]}}],"collection":[{"href":"https:\/\/mojetrawy.pl\/index.php?rest_route=\/wp\/v2\/pages"}],"about":[{"href":"https:\/\/mojetrawy.pl\/index.php?rest_route=\/wp\/v2\/types\/page"}],"author":[{"embeddable":true,"href":"https:\/\/mojetrawy.pl\/index.php?rest_route=\/wp\/v2\/users\/1"}],"replies":[{"embeddable":true,"href":"https:\/\/mojetrawy.pl\/index.php?rest_route=%2Fwp%2Fv2%2Fcomments&post=2"}],"version-history":[{"count":9,"href":"https:\/\/mojetrawy.pl\/index.php?rest_route=\/wp\/v2\/pages\/2\/revisions"}],"predecessor-version":[{"id":253,"href":"https:\/\/mojetrawy.pl\/index.php?rest_route=\/wp\/v2\/pages\/2\/revisions\/253"}],"wp:attachment":[{"href":"https:\/\/mojetrawy.pl\/index.php?rest_route=%2Fwp%2Fv2%2Fmedia&parent=2"}],"curies":[{"name":"wp","href":"https:\/\/api.w.org\/{rel}","templated":true}]}}